{"id":828,"date":"2023-03-27T10:20:42","date_gmt":"2023-03-27T08:20:42","guid":{"rendered":"https:\/\/www.sigema.ch\/?page_id=828"},"modified":"2023-10-09T14:10:08","modified_gmt":"2023-10-09T12:10:08","slug":"interim-manager","status":"publish","type":"page","link":"https:\/\/www.sigema.ch\/de\/interim-manager\/","title":{"rendered":"Interim Manager"},"content":{"rendered":"<p>[et_pb_section fb_built=&#8220;1&#8243; fullwidth=&#8220;on&#8220; _builder_version=&#8220;4.4.1&#8243;][et_pb_fullwidth_slider admin_label=&#8220;Vollbreiter Slider&#8220; _builder_version=&#8220;4.5.0&#8243; header_level=&#8220;h1&#8243; header_font=&#8220;||||||||&#8220; header_font_size=&#8220;46px&#8220;][et_pb_slide heading=&#8220;  INTERIM MANAGEMENT&#8220; use_bg_overlay=&#8220;off&#8220; use_text_overlay=&#8220;on&#8220; text_overlay_color=&#8220;rgba(0,32,96,0.83)&#8220; text_border_radius=&#8220;0px&#8220; _builder_version=&#8220;4.9.2&#8243; header_font=&#8220;|600|||||||&#8220; header_text_align=&#8220;right&#8220; header_text_color=&#8220;#ffffff&#8220; body_text_align=&#8220;center&#8220; body_text_color=&#8220;#4472c4&#8243; body_font_size=&#8220;32px&#8220; background_enable_color=&#8220;off&#8220; background_image=&#8220;https:\/\/www.sigema.ch\/wp-content\/uploads\/2020\/07\/banner-start.jpg&#8220; background_enable_image=&#8220;on&#8220; text_orientation=&#8220;right&#8220; header_font_size_tablet=&#8220;&#8220; header_font_size_phone=&#8220;26px&#8220; header_font_size_last_edited=&#8220;on|desktop&#8220; body_font_size_tablet=&#8220;&#8220; body_font_size_phone=&#8220;22px&#8220; body_font_size_last_edited=&#8220;on|phone&#8220; sticky_transition=&#8220;on&#8220;]<\/p>\n<p>\u00a0\u00a0\u00a0\u00a0\u00a0\u00a0\u00a0\u00a0\u00a0\u00a0\u00a0\u00a0\u00a0 FLEXIBLE L\u00d6SUNGEN.<\/p>\n<p>[\/et_pb_slide][\/et_pb_fullwidth_slider][\/et_pb_section][et_pb_section fb_built=&#8220;1&#8243; _builder_version=&#8220;4.4.1&#8243;][et_pb_row _builder_version=&#8220;4.4.1&#8243;][et_pb_column type=&#8220;4_4&#8243; _builder_version=&#8220;4.4.1&#8243;][et_pb_text _builder_version=&#8220;4.9.2&#8243;]<\/p>\n<h2>Externe Unterst\u00fctzung &#8211; auf Zeit.<\/h2>\n<h3>Schnell, felxibel und bew\u00e4hrt. <\/h3>\n<p>[\/et_pb_text][et_pb_text _builder_version=&#8220;4.9.2&#8243; _module_preset=&#8220;default&#8220; custom_padding=&#8220;||61px|||&#8220;]<\/p>\n<h4>Rasche Verf\u00fcgbarkeit, zielfokussiert, hohe Fachkompetenz, breite Branchenkenntnisse und langj\u00e4hrige Erfahrung sowie der kritische Blick von aussen. Alles das bietet ein erfahrener Interim Manager bei der L\u00f6sungsfindung eines Problems.<\/h4>\n<h4 style=\"text-align: left;\"><strong>Unsere detaillierte und umfangreiche Referenzliste (PDF-Format) erhalten Sie gerne per E-Mail auf Anfrage. Kontaktieren Sie <a href=\"https:\/\/www.sigema.ch\/de\/kontakt\/\"><span style=\"text-decoration: underline;\">uns<\/span><\/a>.<br \/><\/strong><\/h4>\n<p>[\/et_pb_text][et_pb_text _builder_version=&#8220;4.9.2&#8243; _module_preset=&#8220;default&#8220; custom_padding=&#8220;||0px|||&#8220;]<\/p>\n<h3><strong>Wann und wo wird Interim Management eingesetzt?<\/strong><\/h3>\n<p>[\/et_pb_text][et_pb_divider _builder_version=&#8220;4.5.0&#8243; _module_preset=&#8220;default&#8220;][\/et_pb_divider][\/et_pb_column][\/et_pb_row][et_pb_row column_structure=&#8220;1_3,1_3,1_3&#8243; _builder_version=&#8220;4.4.1&#8243; custom_margin=&#8220;-43px|auto||auto||&#8220;][et_pb_column type=&#8220;1_3&#8243; _builder_version=&#8220;4.4.1&#8243;][et_pb_text _builder_version=&#8220;4.9.2&#8243; _module_preset=&#8220;default&#8220;]<\/p>\n<h4><strong>VAKANZEN<\/strong><\/h4>\n<p>Eine Schl\u00fcsselposition ist vakant bzw. unbesetzt. Ein branchenerfahrener Interim Manager steht f\u00fcr die \u00dcberbr\u00fcckung sofort zur Verf\u00fcgung und f\u00fchrt Tagesgesch\u00e4ft und Projekte bis zum erfolgreichen Abschluss der Feststellenrekrutierung.<\/p>\n<p>[\/et_pb_text][\/et_pb_column][et_pb_column type=&#8220;1_3&#8243; _builder_version=&#8220;4.4.1&#8243;][et_pb_text _builder_version=&#8220;4.9.2&#8243; _module_preset=&#8220;default&#8220;]<\/p>\n<h4><strong>NEUAUSRICHTUNGEN<\/strong><\/h4>\n<p>Technologischer Wandel oder Ver\u00e4nderungen am Markt erfordern neue Strukturen und Prozesse in Ihrer Firma. Der Interim Manager bewirkt als Changemanager ein rasches Umsetzen der neuen Prozesse unter Einbezug der firmenspezifischen Besonderheiten.<\/p>\n<p>[\/et_pb_text][\/et_pb_column][et_pb_column type=&#8220;1_3&#8243; _builder_version=&#8220;4.4.1&#8243;][et_pb_text _builder_version=&#8220;4.9.2&#8243; _module_preset=&#8220;default&#8220;]<\/p>\n<h4><strong>KRISEN<\/strong><\/h4>\n<p>Schnelles Handeln steht an! Sie ben\u00f6tigen sofort eine krisenfeste und glaubw\u00fcrdige F\u00fchrungs\u00adpers\u00f6nlichkeit, die Sofortmassnahmen durchsetzt, Konflikte l\u00f6st und Konzepte sowie Alternativstrategien f\u00fcr die Zukunft aufzeigt.<\/p>\n<p>[\/et_pb_text][\/et_pb_column][\/et_pb_row][et_pb_row column_structure=&#8220;1_3,1_3,1_3&#8243; _builder_version=&#8220;4.9.2&#8243; _module_preset=&#8220;default&#8220;][et_pb_column type=&#8220;1_3&#8243; _builder_version=&#8220;4.9.2&#8243; _module_preset=&#8220;default&#8220;][et_pb_text _builder_version=&#8220;4.9.2&#8243; _module_preset=&#8220;default&#8220;]<\/p>\n<h4><strong>PROJEKTE<\/strong><\/h4>\n<p>Sie steigen in eine neue Technologie ein oder ben\u00f6tigen Verst\u00e4rkung oder gar eine neue F\u00fchrung in strategischen Projekten. Ein aim-Projektleiter besitzt das geforderte Fachwissen sowie breite Projektmanagement-Erfahrung. Die Pr\u00e4senzzeit wird den Bed\u00fcrfnissen des Projektes angepasst.<\/p>\n<p>[\/et_pb_text][\/et_pb_column][et_pb_column type=&#8220;1_3&#8243; _builder_version=&#8220;4.9.2&#8243; _module_preset=&#8220;default&#8220;][et_pb_text _builder_version=&#8220;4.9.2&#8243; _module_preset=&#8220;default&#8220;]<\/p>\n<h4><strong>INTEGRATION<\/strong><\/h4>\n<p>Eine neue Unternehmung ist m\u00f6glichst reibungslos in Ihre Organisation zu integrieren. Eine unabh\u00e4ngige F\u00fchrungspers\u00f6nlichkeit unterst\u00fctzt das Management, macht Synergien nutzbar und coacht den Kulturwandel.<\/p>\n<p>[\/et_pb_text][\/et_pb_column][et_pb_column type=&#8220;1_3&#8243; _builder_version=&#8220;4.9.2&#8243; _module_preset=&#8220;default&#8220;][et_pb_text _builder_version=&#8220;4.9.2&#8243; _module_preset=&#8220;default&#8220;]<\/p>\n<h4><strong>VERST\u00c4RKUNGEN<\/strong><\/h4>\n<p>Sie ben\u00f6tigen zus\u00e4tzliche, flexible Management Ressourcen oder fachspezifisches Know-how f\u00fcr die Realisierung strategischer Ziele. Der Interim Manager \u00fcbernimmt erfolgskritische F\u00fchrungsaufgaben und verankert neues Fachwissen in Ihrer Organisation.<\/p>\n<p>[\/et_pb_text][\/et_pb_column][\/et_pb_row][et_pb_row _builder_version=&#8220;4.5.0&#8243; _module_preset=&#8220;default&#8220;][et_pb_column type=&#8220;4_4&#8243; _builder_version=&#8220;4.5.0&#8243; _module_preset=&#8220;default&#8220;][et_pb_text _builder_version=&#8220;4.9.2&#8243; _module_preset=&#8220;default&#8220; custom_margin=&#8220;35px|||||&#8220; custom_padding=&#8220;||0px|||&#8220;]<\/p>\n<h3><strong>Warum sich ein Interim Manager lohnt:<\/strong><\/h3>\n<p>[\/et_pb_text][et_pb_divider _builder_version=&#8220;4.5.0&#8243; _module_preset=&#8220;default&#8220;][\/et_pb_divider][\/et_pb_column][\/et_pb_row][et_pb_row _builder_version=&#8220;4.9.2&#8243; _module_preset=&#8220;default&#8220; custom_margin=&#8220;-32px|auto||auto||&#8220;][et_pb_column type=&#8220;4_4&#8243; _builder_version=&#8220;4.5.0&#8243; _module_preset=&#8220;default&#8220;][et_pb_text _builder_version=&#8220;4.9.2&#8243; _module_preset=&#8220;default&#8220; custom_padding=&#8220;||0px|||&#8220;]<\/p>\n<h4 style=\"text-align: left;\"><b>EFFIZIENZ<\/b><\/h4>\n<p>Der gr\u00f6sste Vorteil von Interim Management ist die rasche Verf\u00fcgbarkeit und der sofortige Einsatz eines Interim Managers. Durch seine jahrelange Expertise und spezifischem Know-how kann er sich schnell mit der Organisation und seiner Aufgabe identifizieren. Speziell bei der kurzfristigen Besetzung von wichtigen Vakanzen oder in einer Krisensituation macht es daher Sinn, einen erfahrenen Interim Manager einzusetzen.<\/p>\n<p>[\/et_pb_text][\/et_pb_column][\/et_pb_row][et_pb_row _builder_version=&#8220;4.5.0&#8243; _module_preset=&#8220;default&#8220;][et_pb_column type=&#8220;4_4&#8243; _builder_version=&#8220;4.5.0&#8243; _module_preset=&#8220;default&#8220;][et_pb_text _builder_version=&#8220;4.9.2&#8243; _module_preset=&#8220;default&#8220;]<\/p>\n<h4><b>FRISCHE IMPULSE<\/b><\/h4>\n<p>Mit breiter Branchenexpertise und geballtem Wissen bietet der Interim Manager Chancen f\u00fcr neue Ans\u00e4tze und einem kritischen Blick von aussen. Dies tr\u00e4gt konstruktiv zur Weiterentwicklung der Organisation bei und verschafft somit neue Wettbewerbsvorteile. \u00a0<\/p>\n<p>[\/et_pb_text][\/et_pb_column][\/et_pb_row][et_pb_row _builder_version=&#8220;4.5.0&#8243; _module_preset=&#8220;default&#8220;][et_pb_column type=&#8220;4_4&#8243; _builder_version=&#8220;4.5.0&#8243; _module_preset=&#8220;default&#8220;][et_pb_text _builder_version=&#8220;4.9.2&#8243; _module_preset=&#8220;default&#8220;]<\/p>\n<h4><b>EFFEKTIVIT\u00c4T<\/b><\/h4>\n<p>Der zeitlich begrenzte Einsatz fordert den Interim Manager, schnelle und effektive L\u00f6sungen zu erarbieten und umzusetzen. Durch seine langj\u00e4hrige Erfahrung kennt er die Herausforderungen in den Organisation und kann diesbez\u00fcglich schnell und zielf\u00fchrend handeln.<\/p>\n<p>[\/et_pb_text][\/et_pb_column][\/et_pb_row][et_pb_row _builder_version=&#8220;4.5.0&#8243; _module_preset=&#8220;default&#8220;][et_pb_column type=&#8220;4_4&#8243; _builder_version=&#8220;4.5.0&#8243; _module_preset=&#8220;default&#8220;][et_pb_text _builder_version=&#8220;4.9.2&#8243; _module_preset=&#8220;default&#8220;]<\/p>\n<h4><b>OBJEKTIVIT\u00c4T<\/b><\/h4>\n<p>Der Interim Manager konzentriert sich ausschliesslich auf die Ihm zugewiesene Aufgabe und verfolgt keine eigenen Karriereziele beim Kunden. Zielfokussiert auf das Mandat sorgt er schnelle L\u00f6sungen und einen Mehrwehrt f\u00fcr den Kunden.<\/p>\n<p>[\/et_pb_text][\/et_pb_column][\/et_pb_row][\/et_pb_section][et_pb_section fb_built=&#8220;1&#8243; _builder_version=&#8220;4.5.3&#8243; _module_preset=&#8220;default&#8220; background_color=&#8220;#f1f1f1&#8243; custom_padding=&#8220;||54px|||&#8220;][et_pb_row _builder_version=&#8220;4.4.1&#8243;][et_pb_column type=&#8220;4_4&#8243; _builder_version=&#8220;4.4.1&#8243;][et_pb_text _builder_version=&#8220;4.9.2&#8243;]<\/p>\n<h2>Was ist Interim Management?<\/h2>\n<p>[\/et_pb_text][et_pb_text _builder_version=&#8220;4.9.2&#8243; _module_preset=&#8220;default&#8220;]<\/p>\n<h4>Der Interim Manager, auch Manager auf Zeit genannt, ist ein Spezialist, der vor\u00fcbergehend befristet f\u00fcr einen bestimmten Zweck in einem Unternehmen t\u00e4tig ist. Als externer Projektmanager, \u00fcbernimmt dieser F\u00fchrungsaufgaben und Ergebnisverantwortung. In der Regel werden Interim Manager f\u00fcr spezifische Projekte eingesetzt, zur \u00dcberbr\u00fcckung von Managementengp\u00e4ssen, zur Einf\u00fchrung neuer Programme, bei der Gr\u00fcndung eines Unternehmens und zur L\u00f6sung herausfordernder Situationen, wo fachspezifisches Knowhow ben\u00f6tigt wird.<\/h4>\n<p>[\/et_pb_text][\/et_pb_column][\/et_pb_row][\/et_pb_section]<\/p>\n","protected":false},"excerpt":{"rendered":"<p>\u00a0\u00a0\u00a0\u00a0\u00a0\u00a0\u00a0\u00a0\u00a0\u00a0\u00a0\u00a0\u00a0 FLEXIBLE L\u00d6SUNGEN.Externe Unterst\u00fctzung &#8211; auf Zeit. Schnell, felxibel und bew\u00e4hrt. Rasche Verf\u00fcgbarkeit, zielfokussiert, hohe Fachkompetenz, breite Branchenkenntnisse und langj\u00e4hrige Erfahrung sowie der kritische Blick von aussen. Alles das bietet ein erfahrener Interim Manager bei der L\u00f6sungsfindung eines Problems. Unsere detaillierte und umfangreiche Referenzliste (PDF-Format) erhalten Sie gerne per E-Mail auf Anfrage. Kontaktieren Sie uns.Wann [&hellip;]<\/p>\n","protected":false},"author":1,"featured_media":0,"parent":0,"menu_order":0,"comment_status":"closed","ping_status":"closed","template":"","meta":{"_et_pb_use_builder":"on","_et_pb_old_content":"","_et_gb_content_width":"","footnotes":""},"_links":{"self":[{"href":"https:\/\/www.sigema.ch\/de\/wp-json\/wp\/v2\/pages\/828"}],"collection":[{"href":"https:\/\/www.sigema.ch\/de\/wp-json\/wp\/v2\/pages"}],"about":[{"href":"https:\/\/www.sigema.ch\/de\/wp-json\/wp\/v2\/types\/page"}],"author":[{"embeddable":true,"href":"https:\/\/www.sigema.ch\/de\/wp-json\/wp\/v2\/users\/1"}],"replies":[{"embeddable":true,"href":"https:\/\/www.sigema.ch\/de\/wp-json\/wp\/v2\/comments?post=828"}],"version-history":[{"count":9,"href":"https:\/\/www.sigema.ch\/de\/wp-json\/wp\/v2\/pages\/828\/revisions"}],"predecessor-version":[{"id":1062,"href":"https:\/\/www.sigema.ch\/de\/wp-json\/wp\/v2\/pages\/828\/revisions\/1062"}],"wp:attachment":[{"href":"https:\/\/www.sigema.ch\/de\/wp-json\/wp\/v2\/media?parent=828"}],"curies":[{"name":"wp","href":"https:\/\/api.w.org\/{rel}","templated":true}]}}