{"id":723,"date":"2023-01-22T09:46:46","date_gmt":"2023-01-22T08:46:46","guid":{"rendered":"https:\/\/www.sigema.ch\/?page_id=723"},"modified":"2023-02-12T15:33:43","modified_gmt":"2023-02-12T14:33:43","slug":"referenzen","status":"publish","type":"page","link":"https:\/\/www.sigema.ch\/de\/referenzen\/","title":{"rendered":"Referenzen"},"content":{"rendered":"<p>[et_pb_section fb_built=&#8220;1&#8243; fullwidth=&#8220;on&#8220; _builder_version=&#8220;4.4.1&#8243;][et_pb_fullwidth_slider admin_label=&#8220;Vollbreiter Slider&#8220; _builder_version=&#8220;4.5.0&#8243; header_level=&#8220;h1&#8243; header_font=&#8220;||||||||&#8220; header_font_size=&#8220;46px&#8220;][et_pb_slide heading=&#8220;UNSERE REFERENZEN&#8220; use_bg_overlay=&#8220;off&#8220; use_text_overlay=&#8220;on&#8220; text_overlay_color=&#8220;rgba(0,32,96,0.83)&#8220; text_border_radius=&#8220;0px&#8220; _builder_version=&#8220;4.9.2&#8243; header_font=&#8220;|600|||||||&#8220; header_text_align=&#8220;right&#8220; header_text_color=&#8220;#ffffff&#8220; body_text_align=&#8220;center&#8220; body_text_color=&#8220;#4472c4&#8243; body_font_size=&#8220;32px&#8220; background_enable_color=&#8220;off&#8220; background_image=&#8220;https:\/\/www.sigema.ch\/wp-content\/uploads\/2020\/07\/banner-start.jpg&#8220; background_enable_image=&#8220;on&#8220; text_orientation=&#8220;right&#8220; header_font_size_tablet=&#8220;&#8220; header_font_size_phone=&#8220;26px&#8220; header_font_size_last_edited=&#8220;on|desktop&#8220; body_font_size_tablet=&#8220;&#8220; body_font_size_phone=&#8220;22px&#8220; body_font_size_last_edited=&#8220;on|phone&#8220; sticky_transition=&#8220;on&#8220;]<\/p>\n<p>NACHHALTIGE ERGEBNISSE.<\/p>\n<p>&nbsp;<\/p>\n<p>[\/et_pb_slide][\/et_pb_fullwidth_slider][\/et_pb_section][et_pb_section fb_built=&#8220;1&#8243; _builder_version=&#8220;4.4.1&#8243;][et_pb_row _builder_version=&#8220;4.4.1&#8243;][et_pb_column type=&#8220;4_4&#8243; _builder_version=&#8220;4.4.1&#8243;][et_pb_text _builder_version=&#8220;4.9.2&#8243; hover_enabled=&#8220;0&#8243; sticky_enabled=&#8220;0&#8243;]<\/p>\n<h2>Unsere Mandate sind vielseitig. Das spricht f\u00fcr uns.<\/h2>\n<h3>F\u00fcr unsere Kunden. Mit unseren Kunden. Gemeinsam erfolgreich.<\/h3>\n<p>[\/et_pb_text][et_pb_text _builder_version=&#8220;4.9.2&#8243; _module_preset=&#8220;default&#8220; hover_enabled=&#8220;0&#8243; sticky_enabled=&#8220;0&#8243;]<\/p>\n<h4>Unsere Auftraggeber sind das Topmanagement: Vorst\u00e4nde, Aufsichtsr\u00e4te, Gesch\u00e4ftsf\u00fchrende Gesellschafter und Gesch\u00e4ftsf\u00fchrer, HR-Leiter, Bereichsleiter sowie Eigent\u00fcmer familiengef\u00fchrter Unternehmen. Gemeinsam definieren wir die Aufgabe und setzten diese anschliessend erfolgreich um. Dies haben wir bereits mehrfach unter Beweis gestellt.<\/h4>\n<p>&nbsp;<\/p>\n<h4 style=\"text-align: left;\"><strong>Unsere detaillierte und umfangreiche Referenzliste (PDF-Format) erhalten Sie gerne per E-Mail auf Anfrage. Kontaktieren Sie <a href=\"https:\/\/www.sigema.ch\/de\/kontakt\/\"><span style=\"text-decoration: underline;\">uns<\/span><\/a>.<br \/><\/strong><\/h4>\n<p>[\/et_pb_text][\/et_pb_column][\/et_pb_row][et_pb_row _builder_version=&#8220;4.5.0&#8243; _module_preset=&#8220;default&#8220;][et_pb_column type=&#8220;4_4&#8243; _builder_version=&#8220;4.5.0&#8243; _module_preset=&#8220;default&#8220;][et_pb_text _builder_version=&#8220;4.9.2&#8243; _module_preset=&#8220;default&#8220; custom_padding=&#8220;||0px|||&#8220; hover_enabled=&#8220;0&#8243; sticky_enabled=&#8220;0&#8243;]<\/p>\n<h3><strong>Ein kleiner Auszug <\/strong>aus unseren Referenzen<\/h3>\n<p>[\/et_pb_text][et_pb_divider _builder_version=&#8220;4.5.0&#8243; _module_preset=&#8220;default&#8220;][\/et_pb_divider][\/et_pb_column][\/et_pb_row][et_pb_row _builder_version=&#8220;4.9.2&#8243; _module_preset=&#8220;default&#8220;][et_pb_column type=&#8220;4_4&#8243; _builder_version=&#8220;4.9.2&#8243; _module_preset=&#8220;default&#8220;][et_pb_text _builder_version=&#8220;4.9.2&#8243; _module_preset=&#8220;default&#8220;]<\/p>\n<h3><strong>Projektleitung Optimierung Produktionsstandort<br \/><\/strong><\/h3>\n<p>[\/et_pb_text][\/et_pb_column][\/et_pb_row][et_pb_row column_structure=&#8220;1_4,3_4&#8243; _builder_version=&#8220;4.5.0&#8243; _module_preset=&#8220;default&#8220;][et_pb_column type=&#8220;1_4&#8243; _builder_version=&#8220;4.5.0&#8243; _module_preset=&#8220;default&#8220;][\/et_pb_column][et_pb_column type=&#8220;3_4&#8243; _builder_version=&#8220;4.5.0&#8243; _module_preset=&#8220;default&#8220;][et_pb_text _builder_version=&#8220;4.9.2&#8243; _module_preset=&#8220;default&#8220;]<\/p>\n<h4><b>Unternehmensgruppe, Brimingham (UK), Fahrzeugbau<\/b><\/h4>\n<ul>\n<li>IST-Situation vor Ort (UK) ermitteln<\/li>\n<li>Gesamtproduktion inkl. Lager mit einer Grundfl\u00e4che von 27&#8217;000 qm auf 10&#8217;000 qm reduzieren resp. optimieren<\/li>\n<\/ul>\n<ul>\n<li>Mietkostenersparnis ca. GBP 800K p.a. Ausarbeitung, Umsetzung und \u00dcberwachung eines detaillierten Konzeptes f\u00fcr neue Produktionsabl\u00e4ufe und Prozessoptimierung zur Kostenreduktion und Performancesteigerung<\/li>\n<li>Steigerung der Produktionsoutput mittels Prozessoptimierung und Automatisierung<\/li>\n<\/ul>\n<ul>\n<li>\u00dcberwachung und Einhaltung des vorgegebene Projektbudgets<\/li>\n<li>&#8230;&#8230;..<\/li>\n<\/ul>\n<p>[\/et_pb_text][\/et_pb_column][\/et_pb_row][et_pb_row _builder_version=&#8220;4.9.2&#8243; _module_preset=&#8220;default&#8220;][et_pb_column type=&#8220;4_4&#8243; _builder_version=&#8220;4.9.2&#8243; _module_preset=&#8220;default&#8220;][et_pb_text _builder_version=&#8220;4.9.2&#8243; _module_preset=&#8220;default&#8220;]<\/p>\n<h3><strong>__________<br \/><\/strong><\/h3>\n<p>[\/et_pb_text][\/et_pb_column][\/et_pb_row][et_pb_row _builder_version=&#8220;4.9.2&#8243; _module_preset=&#8220;default&#8220;][et_pb_column type=&#8220;4_4&#8243; _builder_version=&#8220;4.9.2&#8243; _module_preset=&#8220;default&#8220;][et_pb_text _builder_version=&#8220;4.9.2&#8243; _module_preset=&#8220;default&#8220;]<\/p>\n<h3><strong>Projektleitung Industrienalage Prototyp <br \/><\/strong><\/h3>\n<p>[\/et_pb_text][\/et_pb_column][\/et_pb_row][et_pb_row column_structure=&#8220;1_4,3_4&#8243; _builder_version=&#8220;4.9.2&#8243; _module_preset=&#8220;default&#8220;][et_pb_column type=&#8220;1_4&#8243; _builder_version=&#8220;4.5.0&#8243; _module_preset=&#8220;default&#8220;][\/et_pb_column][et_pb_column type=&#8220;3_4&#8243; _builder_version=&#8220;4.5.0&#8243; _module_preset=&#8220;default&#8220;][et_pb_text _builder_version=&#8220;4.9.2&#8243; _module_preset=&#8220;default&#8220;]<\/p>\n<h4 style=\"text-align: left;\"><b>Industrieunternehmen (b\u00f6rsennotiert), Herzogenrath (DE), Depositionsanlagen Verbindungshalbleiter (MOCVD)<br \/><\/b><\/h4>\n<ul>\n<li>Zusammenf\u00fchrung dreier Teilprojekte zu einem Grossprojekt mit direktem Rapport an den COO<\/li>\n<\/ul>\n<ul>\n<li>strategische und operative Leitung sowie Umsetzung und \u00dcberwachung des Gesamtprojektes, Bau einer Prototyp-Anlage im Bereich MOCVD, MICRO-LED<\/li>\n<li>Bindeglied zwischen Entwicklung, PM, Einkauf und Prototypen-Produktion<\/li>\n<\/ul>\n<ul>\n<li>Sicherstellung und Erreichung der vertraglich festgelegten Meilensteine zur Kundenabnahmen des Prototyps<\/li>\n<\/ul>\n<ul>\n<li>&#8230;&#8230;.<\/li>\n<\/ul>\n<p>[\/et_pb_text][\/et_pb_column][\/et_pb_row][et_pb_row _builder_version=&#8220;4.9.2&#8243; _module_preset=&#8220;default&#8220;][et_pb_column type=&#8220;4_4&#8243; _builder_version=&#8220;4.9.2&#8243; _module_preset=&#8220;default&#8220;][et_pb_text _builder_version=&#8220;4.9.2&#8243; _module_preset=&#8220;default&#8220;]<\/p>\n<h3><strong>__________<br \/><\/strong><\/h3>\n<p>[\/et_pb_text][\/et_pb_column][\/et_pb_row][et_pb_row _builder_version=&#8220;4.9.2&#8243; _module_preset=&#8220;default&#8220;][et_pb_column type=&#8220;4_4&#8243; _builder_version=&#8220;4.9.2&#8243; _module_preset=&#8220;default&#8220;][et_pb_text _builder_version=&#8220;4.9.2&#8243; _module_preset=&#8220;default&#8220;]<\/p>\n<h3><strong>Interim CEO, Sanierung Industrieunternehmen<br \/><\/strong><\/h3>\n<p>[\/et_pb_text][\/et_pb_column][\/et_pb_row][et_pb_row column_structure=&#8220;1_4,3_4&#8243; _builder_version=&#8220;4.5.0&#8243; _module_preset=&#8220;default&#8220;][et_pb_column type=&#8220;1_4&#8243; _builder_version=&#8220;4.5.0&#8243; _module_preset=&#8220;default&#8220;][\/et_pb_column][et_pb_column type=&#8220;3_4&#8243; _builder_version=&#8220;4.5.0&#8243; _module_preset=&#8220;default&#8220;][et_pb_text _builder_version=&#8220;4.9.2&#8243; _module_preset=&#8220;default&#8220;]<\/p>\n<h4><b>Industrieunternehmen, Z\u00fcrich (CH), metallische Rohr-Pressverbindungen<br \/><\/b><\/h4>\n<ul>\n<li>Restrukturierung und Neuausrichtung der Gesellschaft<\/li>\n<li>Sofortige \u00dcbernahme der operativen und strategischen Leitung<\/li>\n<li>Neuausrichtung der Gesellschaft mit Schwerpunkt Produktportfolio, Kundenfokussierung sowie Marketing, Verkauf und Service<\/li>\n<\/ul>\n<ul>\n<li>Verkauf, Einkauf und Marketing wurde direkt demInterim CEO unterstellt<\/li>\n<li>Organisation- und Personalum\/-abbau(Reorganisation)<\/li>\n<li>Implementierung eines vollautomatisierten Online-Shops zur Vertriebsunterst\u00fctzung (Kostenreduktion)<\/li>\n<\/ul>\n<ul>\n<li>Ausarbeitung eines komplett neuen Marktauftrittes (Corporate Identity)<\/li>\n<li>Sicherstellung der Liquidit\u00e4t durch verkaufsf\u00f6rdernde Massnahmen<\/li>\n<li>&#8230;&#8230;..<\/li>\n<\/ul>\n<p>[\/et_pb_text][\/et_pb_column][\/et_pb_row][\/et_pb_section][et_pb_section fb_built=&#8220;1&#8243; _builder_version=&#8220;4.5.3&#8243; _module_preset=&#8220;default&#8220; background_color=&#8220;#f1f1f1&#8243; custom_padding=&#8220;||54px|||&#8220;][et_pb_row column_structure=&#8220;1_3,1_3,1_3&#8243; _builder_version=&#8220;4.5.0&#8243; _module_preset=&#8220;default&#8220; custom_padding=&#8220;||27px|||&#8220;][et_pb_column type=&#8220;1_3&#8243; _builder_version=&#8220;4.9.2&#8243; _module_preset=&#8220;default&#8220;][et_pb_text _builder_version=&#8220;4.9.2&#8243; _module_preset=&#8220;default&#8220;]<\/p>\n<div class=\"fusion-title title fusion-title-3 fusion-title-text fusion-title-size-three\" style=\"margin-top: 10px; margin-bottom: 10px;\">\n<h3 class=\"title-heading-left\" style=\"margin: 0;\" data-fontsize=\"21\" data-lineheight=\"29\"><strong>Vakanz-\u00dcberbr\u00fcckung<\/strong><\/h3>\n<\/div>\n<p>&nbsp;<\/p>\n<p>&nbsp;<\/p>\n<div class=\"fusion-text\">\n<ul>\n<li>auf C-Level<\/li>\n<li>F\u00fchrungspositionen (Mittleres Management)<\/li>\n<li>Projektmanagement<\/li>\n<li>Nachfolger-Coaching<\/li>\n<\/ul>\n<\/div>\n<p>[\/et_pb_text][\/et_pb_column][et_pb_column type=&#8220;1_3&#8243; _builder_version=&#8220;4.5.0&#8243; _module_preset=&#8220;default&#8220;][et_pb_text _builder_version=&#8220;4.9.2&#8243; _module_preset=&#8220;default&#8220;]<\/p>\n<h3 class=\"title-heading-left\" style=\"margin: 0px; text-align: left;\" data-fontsize=\"21\" data-lineheight=\"29\"><strong>Transformation \/ Change Management &amp; Restrukturierung<\/strong><\/h3>\n<h3>\u00a0<\/h3>\n<div class=\"fusion-text\">\n<ul>\n<li>Unternehmensanalyse<\/li>\n<li>Fortf\u00fchrungsprognose<\/li>\n<li>Umsetzungsf\u00e4higes Konzept<\/li>\n<li>Umsetzung\/ Projektleitung<\/li>\n<\/ul>\n<\/div>\n<p>[\/et_pb_text][\/et_pb_column][et_pb_column type=&#8220;1_3&#8243; _builder_version=&#8220;4.5.0&#8243; _module_preset=&#8220;default&#8220;][et_pb_text _builder_version=&#8220;4.9.2&#8243; _module_preset=&#8220;default&#8220; custom_padding=&#8220;1px|||2px||&#8220;]<\/p>\n<div class=\"fusion-title title fusion-title-3 fusion-title-text fusion-title-size-three\" style=\"margin-top: 10px; margin-bottom: 10px;\">\n<h3 class=\"title-heading-left\" style=\"margin: 0px; text-align: left;\" data-fontsize=\"21\" data-lineheight=\"29\"><strong>Business Development &amp; Optimierung<\/strong><\/h3>\n<h3 class=\"title-heading-left\" style=\"margin: 0;\" data-fontsize=\"21\" data-lineheight=\"29\"><\/h3>\n<p>&nbsp;<\/p>\n<\/div>\n<div>\n<div class=\"fusion-text\">\n<ul>\n<li>Strategieentwicklung<\/li>\n<li>Business Effizienz und Effektivit\u00e4t<\/li>\n<li>Internationalisierung<\/li>\n<li>New Business Development<\/li>\n<li>Post-Merger-Integration<\/li>\n<\/ul>\n<\/div>\n<\/div>\n<p>[\/et_pb_text][\/et_pb_column][\/et_pb_row][\/et_pb_section]<\/p>\n","protected":false},"excerpt":{"rendered":"<p>NACHHALTIGE ERGEBNISSE. &nbsp;Unsere Mandate sind vielseitig. Das spricht f\u00fcr uns. F\u00fcr unsere Kunden. Mit unseren Kunden. Gemeinsam erfolgreich.Unsere Auftraggeber sind das Topmanagement: Vorst\u00e4nde, Aufsichtsr\u00e4te, Gesch\u00e4ftsf\u00fchrende Gesellschafter und Gesch\u00e4ftsf\u00fchrer, HR-Leiter, Bereichsleiter sowie Eigent\u00fcmer familiengef\u00fchrter Unternehmen. Gemeinsam definieren wir die Aufgabe und setzten diese anschliessend erfolgreich um. Dies haben wir bereits mehrfach unter Beweis gestellt. &nbsp; Unsere [&hellip;]<\/p>\n","protected":false},"author":1,"featured_media":0,"parent":0,"menu_order":0,"comment_status":"closed","ping_status":"closed","template":"","meta":{"_et_pb_use_builder":"on","_et_pb_old_content":"","_et_gb_content_width":"","footnotes":""},"_links":{"self":[{"href":"https:\/\/www.sigema.ch\/de\/wp-json\/wp\/v2\/pages\/723"}],"collection":[{"href":"https:\/\/www.sigema.ch\/de\/wp-json\/wp\/v2\/pages"}],"about":[{"href":"https:\/\/www.sigema.ch\/de\/wp-json\/wp\/v2\/types\/page"}],"author":[{"embeddable":true,"href":"https:\/\/www.sigema.ch\/de\/wp-json\/wp\/v2\/users\/1"}],"replies":[{"embeddable":true,"href":"https:\/\/www.sigema.ch\/de\/wp-json\/wp\/v2\/comments?post=723"}],"version-history":[{"count":9,"href":"https:\/\/www.sigema.ch\/de\/wp-json\/wp\/v2\/pages\/723\/revisions"}],"predecessor-version":[{"id":782,"href":"https:\/\/www.sigema.ch\/de\/wp-json\/wp\/v2\/pages\/723\/revisions\/782"}],"wp:attachment":[{"href":"https:\/\/www.sigema.ch\/de\/wp-json\/wp\/v2\/media?parent=723"}],"curies":[{"name":"wp","href":"https:\/\/api.w.org\/{rel}","templated":true}]}}