{"id":56,"date":"2020-07-11T11:44:08","date_gmt":"2020-07-11T09:44:08","guid":{"rendered":"http:\/\/www.sigema.ch\/?page_id=56"},"modified":"2023-04-13T13:46:57","modified_gmt":"2023-04-13T11:46:57","slug":"ueber-mich","status":"publish","type":"page","link":"https:\/\/www.sigema.ch\/de\/ueber-mich\/","title":{"rendered":"\u00dcber mich"},"content":{"rendered":"<p>[et_pb_section fb_built=&#8220;1&#8243; fullwidth=&#8220;on&#8220; _builder_version=&#8220;4.4.1&#8243;][et_pb_fullwidth_slider _builder_version=&#8220;4.9.1&#8243; header_level=&#8220;h1&#8243; header_font=&#8220;||||||||&#8220; header_font_size=&#8220;46px&#8220;][et_pb_slide heading=&#8220;MEIN PROFIL&#8220; use_bg_overlay=&#8220;off&#8220; use_text_overlay=&#8220;on&#8220; text_overlay_color=&#8220;rgba(0,32,96,0.83)&#8220; text_border_radius=&#8220;0px&#8220; _builder_version=&#8220;4.5.2&#8243; header_font=&#8220;|600|||||||&#8220; header_text_align=&#8220;right&#8220; header_text_color=&#8220;#ffffff&#8220; body_text_align=&#8220;center&#8220; body_text_color=&#8220;#4472c4&#8243; body_font_size=&#8220;32px&#8220; background_enable_color=&#8220;off&#8220; background_image=&#8220;https:\/\/www.sigema.ch\/wp-content\/uploads\/2020\/07\/banner-start.jpg&#8220; background_enable_image=&#8220;on&#8220; text_orientation=&#8220;right&#8220; header_font_size_tablet=&#8220;&#8220; header_font_size_phone=&#8220;26px&#8220; header_font_size_last_edited=&#8220;on|desktop&#8220; body_font_size_tablet=&#8220;&#8220; body_font_size_phone=&#8220;22px&#8220; body_font_size_last_edited=&#8220;on|phone&#8220; sticky_transition=&#8220;on&#8220;]<\/p>\n<p style=\"text-align: right;\">EXPERTENPROFIL<\/p>\n<p>[\/et_pb_slide][\/et_pb_fullwidth_slider][\/et_pb_section][et_pb_section fb_built=&#8220;1&#8243; _builder_version=&#8220;4.4.1&#8243;][et_pb_row _builder_version=&#8220;4.4.1&#8243;][et_pb_column type=&#8220;4_4&#8243; _builder_version=&#8220;4.4.1&#8243;][et_pb_text _builder_version=&#8220;4.5.3&#8243;]<\/p>\n<h2>Kompetenz schafft Vorsprung. Und Vorsprung den Erfolg.<\/h2>\n<h3>Unternehmer, Movitator, Macher und Umsetzer. Interim Manager.<\/h3>\n<p>[\/et_pb_text][et_pb_text _builder_version=&#8220;4.9.2&#8243;]<\/p>\n<h4>Unser Ruf als erfolgreiches Unternehmen im Bereich Interim Management &amp; Senior Consulting basieren auf einer professionellen Arbeitsweise und modernsten Methoden, unseren Erfahrungen, breiter Expertise sowie unseren Werten, welche wir t\u00e4glich vorleben und umsetzten.<\/h4>\n<p>[\/et_pb_text][\/et_pb_column][\/et_pb_row][et_pb_row column_structure=&#8220;1_2,1_2&#8243; _builder_version=&#8220;4.5.0&#8243; _module_preset=&#8220;default&#8220; custom_padding=&#8220;0px|||||&#8220;][et_pb_column type=&#8220;1_2&#8243; _builder_version=&#8220;4.5.0&#8243; _module_preset=&#8220;default&#8220;][et_pb_text _builder_version=&#8220;4.9.1&#8243; _module_preset=&#8220;default&#8220;]Ich bin in erster Linie selbst Unternehmer. Als Gr\u00fcnder mehrerer Gesellschaften, formiert zu einer starken und diversifizierten Unternehmensgruppe, CEO und Verwaltungsratspr\u00e4sident, kenne ich die Herausforderungen und das Alltagsgesch\u00e4ft genau. Diese Erfahrung, gepaart mit meiner Expertise, bringe ich als L\u00f6sungsfinder und Situationsversteher mit in die Aufgabe. <strong>Als Macher auf Zeit.<\/strong><br \/>\nAls moderne F\u00fchrungspers\u00f6nlichkeit und Unternehmer weiss ich, wie man erfolgreich wird und bleibt. Ich bin Ansprechpartner f\u00fcr alle Ebenen im Konzern oder Mittelstand &#8211; authentisch, geradlinig und transparent.<br \/>\n[\/et_pb_text][\/et_pb_column][et_pb_column type=&#8220;1_2&#8243; _builder_version=&#8220;4.5.0&#8243; _module_preset=&#8220;default&#8220;][et_pb_text _builder_version=&#8220;4.9.1&#8243; _module_preset=&#8220;default&#8220;]Selbst bezeichne ich mich als Strategieentwickler, Turnaround-Champion mit ergebnisorientierter Hands-on-Mentalit\u00e4t sowie leidenschaftlicher Unternehmer mit innovativem Gesch\u00e4ftssinn.<\/p>\n<p>Mein Prinzip ist einfach und anspruchsvoll zugleich: <strong>Aufgaben erkennen, Verantwortung \u00fcbernehmen, mit Kompetenz umsetzten.<\/strong><br \/>\nDurch \u201eFordern und F\u00f6rdern\u201c sowie Motivation und moderne, agile Strukturen, gewinne ich das komplette Team und erreiche somit, dass wir den Erfolg gemeinsam erreichen.<\/p>\n<p>&nbsp;<\/p>\n<h3 style=\"text-align: right;\"><small>\u201eHand in Hand mit dem Kunden finde ich die beste L\u00f6sung und setzte diese gemeinsam um.\u201d<\/small><\/h3>\n<p>[\/et_pb_text][\/et_pb_column][\/et_pb_row][et_pb_row _builder_version=&#8220;4.4.1&#8243;][et_pb_column type=&#8220;4_4&#8243; _builder_version=&#8220;4.4.1&#8243;][et_pb_text _builder_version=&#8220;4.9.1&#8243; width=&#8220;100%&#8220;]<\/p>\n<h2><\/h2>\n<h2>Mein Profil. Meine Erfahrungen. Mein Leben.<\/h2>\n<h3>Unternehmer und Interim Management<\/h3>\n<p>[\/et_pb_text][\/et_pb_column][\/et_pb_row][et_pb_row column_structure=&#8220;3_5,2_5&#8243; _builder_version=&#8220;4.4.1&#8243; custom_padding=&#8220;0px|||||&#8220;][et_pb_column type=&#8220;3_5&#8243; _builder_version=&#8220;4.4.1&#8243;][et_pb_text _builder_version=&#8220;4.9.2&#8243; custom_padding=&#8220;||0px|||&#8220;]Frank Dietrich ist ein Vollblutunternehmer. Nach einer Konstruktionslehre im Bereich Maschinen- und Anlagenbau in S\u00fcddeutschland und dem Grundwehrdienst, absolvierte er ein Erststudium zum Wirtschaftsingenieur in der Schweiz. Zwischen 2008 und 2009 arbeitete er in Z\u00fcrich bei einem namhaften Lieferanten f\u00fcr Industriekomponenten als Produktmanager und Projektleiter f\u00fcr Prototypenbau. Darauffolgend holte man Ihne zu einem f\u00fchrenden Anbieter von Draht verarbeitenden Maschinen, um die Organisation zu modernisieren und weiterzuentwickeln.<\/p>\n<p>Nur drei Jahre sp\u00e4ter \u00fcbernahm er das Unternehmen als Hauptaktion\u00e4r und baute es mit vier weiteren, neu gegr\u00fcndeten Gesellschaften, zu einer kleinen Unternehmensgruppe im Bereich Maschinen- und Anlagenbau, Steuerungstechnik, Lohnfertigung mittels Zerspanungstechnik sowie Onlinevertrieb aus. Im Jahr 2018 verkaufte er das operative Gesch\u00e4ft.<\/p>\n<p>Frank Dietrich sitzt in verschiedenen Verwaltungsr\u00e4ten; unter anderem als Pr\u00e4sident der SIGEMA Holding AG vor, welche sich an Unternehmen unterschiedlichster Branchen strategisch beteiligt.<\/p>\n<p>Von 2018 bis 2022 war er zus\u00e4tzlich Partner bei CYLAD Experts (ehemals SeestattExperts), einer Senior Consulting &amp; Interim Management Organisation.<\/p>\n<p>Frank Dietrich besitzt einen Executive MBA-Abschluss in General Management der Universit\u00e4t St.Gallen (HSG) und einen B.A. in Wirtschaftsingenieurwesen.<\/p>\n<p>Auf Anfrage erhalten Sie gerne einen detaillierten Lebenslauf mit Referenzen. Schreiben Sie uns. <a href=\"https:\/\/www.sigema.ch\/de\/kontakt\/\">Link<\/a><br \/>\n[\/et_pb_text][\/et_pb_column][et_pb_column type=&#8220;2_5&#8243; _builder_version=&#8220;4.4.1&#8243;][et_pb_text _builder_version=&#8220;4.9.2&#8243; custom_padding=&#8220;||0px|||&#8220;]<\/p>\n<h4 style=\"text-align: left;\">Ausbildung:<\/h4>\n<ul style=\"text-align: left;\">\n<li style=\"text-align: left;\">Berufsausbildung zum Konstruktuer im Bereich Maschinen- und Anlagenbau<\/li>\n<li style=\"text-align: left;\">Wirtschaftsingenieurwesen B.A.<\/li>\n<li style=\"text-align: left;\">Executive MBA in General Management, HSG<\/li>\n<\/ul>\n<p style=\"text-align: left;\">\n<h4 style=\"text-align: left;\">Ich bin&#8230;<\/h4>\n<p style=\"text-align: left;\">&#8230;. zielstrebig, umsetzungsstark, organisiert, pragmatisch und entscheidungsfreudig und ein analytisch denkender Stratege. Stolzer Vater, Familienmensch, Unternehmer, Kumpel, Sportler, Hobby-Koch, Netzwerker und Geniesser.<\/p>\n<p style=\"text-align: left;\">\n<h4 style=\"text-align: left;\">Ich kann&#8230;<\/h4>\n<p style=\"text-align: left;\">\u2026 Unternehmen strategisch und operativ f\u00fchren. Projekte steuern und realisieren. Produkte platzieren. Prozesse und Kosten optimieren. Investitionen managen. Strategien entwickeln. Direkte Kommunikation und Komplexit\u00e4t. Kollegialit\u00e4t und F\u00fchrung. Restrukturierung, Entwicklung und Nachhaltigkeit.<\/p>\n<p style=\"text-align: left;\">[\/et_pb_text][\/et_pb_column][\/et_pb_row][et_pb_row _builder_version=&#8220;4.5.0&#8243; _module_preset=&#8220;default&#8220;][et_pb_column type=&#8220;4_4&#8243; _builder_version=&#8220;4.5.0&#8243; _module_preset=&#8220;default&#8220;][et_pb_image src=&#8220;https:\/\/www.sigema.ch\/wp-content\/uploads\/2023\/04\/Frank-marcel-dietrich_Interim-management-ag_sigema-scaled.jpg&#8220; title_text=&#8220;Frank-marcel-dietrich_Interim management ag_sigema&#8220; force_fullwidth=&#8220;on&#8220; _builder_version=&#8220;4.9.2&#8243; _module_preset=&#8220;default&#8220;][\/et_pb_image][et_pb_text _builder_version=&#8220;4.9.1&#8243; _module_preset=&#8220;default&#8220; custom_margin=&#8220;||29px|||&#8220;]<\/p>\n<h2><\/h2>\n<h2>Meine Werte. Meine St\u00e4rken.<\/h2>\n<h3>Leben und vorleben. F\u00fchrungspers\u00f6nlichkeit und authentischer Motivator.<\/h3>\n<p>[\/et_pb_text][et_pb_text _builder_version=&#8220;4.5.1&#8243; _module_preset=&#8220;default&#8220;]<\/p>\n<h4>\u201eIch kann nur das von meinem Gegen\u00fcber verlangen, was ich selbst vorlebe.\u201c Nach diesem Prinzip, viel Leidenschaft und meiner Eigenschaft Menschen schnell zu\u00a0begeistern und zu motivieren, schaffe ich eine besondere Kultur des Vertrauens,<br \/>\nStrebens nach Kompetenz, des Bef\u00fcrwortens von Offenheit und freiem unternehmerischen Handeln.<br \/>\nDies im Gesamten macht eine Organisation agiler und st\u00e4rker und schafft so einen enormen Wettbewerbsvorteil.<\/h4>\n<p>[\/et_pb_text][\/et_pb_column][\/et_pb_row][et_pb_row column_structure=&#8220;1_2,1_2&#8243; _builder_version=&#8220;4.5.1&#8243; _module_preset=&#8220;default&#8220;][et_pb_column type=&#8220;1_2&#8243; _builder_version=&#8220;4.5.1&#8243; _module_preset=&#8220;default&#8220;][et_pb_text _builder_version=&#8220;4.5.1&#8243; _module_preset=&#8220;default&#8220;]<b>Kompetenz<br \/>\n<\/b>Eine stetige Weiterbildung und der Austausch von Wissen steigert das Niveau von jedem Einzelnen. Die Leidenschaft etwas zu erreichen und zu verbessern sind F\u00e4higkeiten die man hat und auch stetig ausbauen will. Jeden Tag neues zu lernen und sich neu zu messen an Best Practise \u2013 das sind die Vorteile von denen der Kunde im Endeffekt profitiert.<br \/>\n[\/et_pb_text][\/et_pb_column][et_pb_column type=&#8220;1_2&#8243; _builder_version=&#8220;4.5.1&#8243; _module_preset=&#8220;default&#8220;][et_pb_text _builder_version=&#8220;4.5.1&#8243; _module_preset=&#8220;default&#8220;]<b>Unternehmertum<br \/>\n<\/b>Jeder Unternehmer weiss was es bedeutet selbstst\u00e4ndig zu sein. Es bedeutet grosse Verantwortung zu tragen. In unseren Mandaten \u00fcbernehmen wir Verantwortung ab dem ersten Tag an. Dies garantiert dem Kunden die besten Ergebnisse und einen sicheren Erfolg.<br \/>\n[\/et_pb_text][\/et_pb_column][\/et_pb_row][et_pb_row column_structure=&#8220;1_2,1_2&#8243; admin_label=&#8220;Zeile&#8220; _builder_version=&#8220;4.5.1&#8243; _module_preset=&#8220;default&#8220;][et_pb_column type=&#8220;1_2&#8243; _builder_version=&#8220;4.5.1&#8243; _module_preset=&#8220;default&#8220;][et_pb_text _builder_version=&#8220;4.5.1&#8243; _module_preset=&#8220;default&#8220;]<b>Transparenz<br \/>\n<\/b>Transparent mit dem Kunden und dem Team kommunizieren. Ehrlich und offen f\u00fcr Kritik und Gegenargumente.<br \/>\nEine offene Kommunikation, transparent, ist einen der wichtigsten Bausteine um etwas \u201eneues\u201c umzusetzen. Denn daf\u00fcr ben\u00f6tigt es das komplette Team.<br \/>\n[\/et_pb_text][\/et_pb_column][et_pb_column type=&#8220;1_2&#8243; _builder_version=&#8220;4.5.1&#8243; _module_preset=&#8220;default&#8220;][et_pb_text _builder_version=&#8220;4.5.1&#8243; _module_preset=&#8220;default&#8220;]<b>Vertrauen<br \/>\n<\/b>Nachvollziehbare Entscheidungen und zum eigenen Wort stehen sind Basis f\u00fcr ein gesundes Vertrauensverh\u00e4ltnis. Wir stehen zu unserem Wort. Und wir \u00fcbernehmen ab dem ersten Tag die Verantwortung. Denken und Handeln wie ein Unternehmer.<br \/>\n[\/et_pb_text][\/et_pb_column][\/et_pb_row][et_pb_row column_structure=&#8220;1_2,1_2&#8243; _builder_version=&#8220;4.5.1&#8243; _module_preset=&#8220;default&#8220;][et_pb_column type=&#8220;1_2&#8243; _builder_version=&#8220;4.5.1&#8243; _module_preset=&#8220;default&#8220;][et_pb_text _builder_version=&#8220;4.5.2&#8243; _module_preset=&#8220;default&#8220;]<b>Innovation<br \/>\n<\/b>Neue Ideen, \u201eThink outside the box\u201c, Erfahrungen und Impulse aus der wissenschaftlichen Forschung Weiter sind Themen f\u00fcr Dialoge um themen\u00fcbergreifend zu agieren. Neue Ideen, frische Denkanst\u00f6sse lassen etwas Neues entstehen. [\/et_pb_text][\/et_pb_column][et_pb_column type=&#8220;1_2&#8243; _builder_version=&#8220;4.5.1&#8243; _module_preset=&#8220;default&#8220;][et_pb_text _builder_version=&#8220;4.5.1&#8243; _module_preset=&#8220;default&#8220;]<b>Erfahrung<br \/>\n<\/b>Unsere Erfahrung als Unternehmer, Gr\u00fcnder, CEO und Verwaltungsrat nutzen wir t\u00e4glich um unsere Kunden zu unterst\u00fctzen. Wir verstehen die Notwendigkeiten und Belangen \u2013 wir sind Unternehmer.<br \/>\n[\/et_pb_text][\/et_pb_column][\/et_pb_row][\/et_pb_section]<\/p>\n","protected":false},"excerpt":{"rendered":"<p>EXPERTENPROFIL Kompetenz schafft Vorsprung. Und Vorsprung den Erfolg. Unternehmer, Movitator, Macher und Umsetzer. Interim Manager. Unser Ruf als erfolgreiches Unternehmen im Bereich Interim Management &amp; Senior Consulting basieren auf einer professionellen Arbeitsweise und modernsten Methoden, unseren Erfahrungen, breiter Expertise sowie unseren Werten, welche wir t\u00e4glich vorleben und umsetzten.Ich bin in erster Linie selbst Unternehmer. Als [&hellip;]<\/p>\n","protected":false},"author":1,"featured_media":0,"parent":0,"menu_order":0,"comment_status":"closed","ping_status":"closed","template":"","meta":{"_et_pb_use_builder":"on","_et_pb_old_content":"","_et_gb_content_width":"","footnotes":""},"_links":{"self":[{"href":"https:\/\/www.sigema.ch\/de\/wp-json\/wp\/v2\/pages\/56"}],"collection":[{"href":"https:\/\/www.sigema.ch\/de\/wp-json\/wp\/v2\/pages"}],"about":[{"href":"https:\/\/www.sigema.ch\/de\/wp-json\/wp\/v2\/types\/page"}],"author":[{"embeddable":true,"href":"https:\/\/www.sigema.ch\/de\/wp-json\/wp\/v2\/users\/1"}],"replies":[{"embeddable":true,"href":"https:\/\/www.sigema.ch\/de\/wp-json\/wp\/v2\/comments?post=56"}],"version-history":[{"count":10,"href":"https:\/\/www.sigema.ch\/de\/wp-json\/wp\/v2\/pages\/56\/revisions"}],"predecessor-version":[{"id":978,"href":"https:\/\/www.sigema.ch\/de\/wp-json\/wp\/v2\/pages\/56\/revisions\/978"}],"wp:attachment":[{"href":"https:\/\/www.sigema.ch\/de\/wp-json\/wp\/v2\/media?parent=56"}],"curies":[{"name":"wp","href":"https:\/\/api.w.org\/{rel}","templated":true}]}}