{"id":49,"date":"2020-07-11T11:42:47","date_gmt":"2020-07-11T09:42:47","guid":{"rendered":"http:\/\/www.sigema.ch\/?page_id=49"},"modified":"2020-08-07T16:54:38","modified_gmt":"2020-08-07T14:54:38","slug":"publikationen","status":"publish","type":"page","link":"https:\/\/www.sigema.ch\/de\/publikationen\/","title":{"rendered":"Publikationen"},"content":{"rendered":"<p>[et_pb_section fb_built=&#8220;1&#8243; _builder_version=&#8220;4.5.0&#8243; _module_preset=&#8220;default&#8220;][et_pb_row _builder_version=&#8220;4.5.0&#8243; _module_preset=&#8220;default&#8220;][et_pb_column type=&#8220;4_4&#8243; _builder_version=&#8220;4.5.0&#8243; _module_preset=&#8220;default&#8220;][et_pb_text _builder_version=&#8220;4.5.3&#8243; _module_preset=&#8220;default&#8220;]<\/p>\n<h2>\u200bWissen sollte man teilen. Gemeinsam f\u00fcr den Erfolg.<\/h2>\n<h3>Branchen\u00fcbergreifendes Know-how.<\/h3>\n<p>[\/et_pb_text][et_pb_text _builder_version=&#8220;4.5.3&#8243; _module_preset=&#8220;default&#8220;]<\/p>\n<h4>Auf Basis unserer Kernkompetenzen ver\u00f6ffentlichen wir regelm\u00e4ssig Studien, Umfragen und Publikationen zu aktuellen Themen.<\/h4>\n<p>[\/et_pb_text][et_pb_text _builder_version=&#8220;4.5.3&#8243; _module_preset=&#8220;default&#8220;]<b>LinkedIn: <a href=\"https:\/\/www.linkedin.com\/company\/sigema-group\">https:\/\/www.linkedin.com\/company\/sigema-group<\/a> <\/b>[\/et_pb_text][\/et_pb_column][\/et_pb_row][\/et_pb_section][et_pb_section fb_built=&#8220;1&#8243; _builder_version=&#8220;4.5.3&#8243; _module_preset=&#8220;default&#8220;][et_pb_row _builder_version=&#8220;4.5.3&#8243; _module_preset=&#8220;default&#8220;][et_pb_column _builder_version=&#8220;4.5.3&#8243; _module_preset=&#8220;default&#8220; type=&#8220;4_4&#8243;][et_pb_blog _builder_version=&#8220;4.5.3&#8243; _module_preset=&#8220;default&#8220; posts_number=&#8220;50&#8243; include_categories=&#8220;all&#8220; use_manual_excerpt=&#8220;off&#8220; show_more=&#8220;on&#8220; show_author=&#8220;off&#8220; show_categories=&#8220;off&#8220; show_excerpt=&#8220;off&#8220; show_pagination=&#8220;off&#8220; fullwidth=&#8220;off&#8220; hover_enabled=&#8220;0&#8243;][\/et_pb_blog][\/et_pb_column][\/et_pb_row][\/et_pb_section]<\/p>\n","protected":false},"excerpt":{"rendered":"<p>\u200bWissen sollte man teilen. Gemeinsam f\u00fcr den Erfolg. Branchen\u00fcbergreifendes Know-how.Auf Basis unserer Kernkompetenzen ver\u00f6ffentlichen wir regelm\u00e4ssig Studien, Umfragen und Publikationen zu aktuellen Themen.LinkedIn: https:\/\/www.linkedin.com\/company\/sigema-group<\/p>\n","protected":false},"author":1,"featured_media":0,"parent":0,"menu_order":0,"comment_status":"closed","ping_status":"closed","template":"","meta":{"_et_pb_use_builder":"on","_et_pb_old_content":"","_et_gb_content_width":"","footnotes":""},"_links":{"self":[{"href":"https:\/\/www.sigema.ch\/de\/wp-json\/wp\/v2\/pages\/49"}],"collection":[{"href":"https:\/\/www.sigema.ch\/de\/wp-json\/wp\/v2\/pages"}],"about":[{"href":"https:\/\/www.sigema.ch\/de\/wp-json\/wp\/v2\/types\/page"}],"author":[{"embeddable":true,"href":"https:\/\/www.sigema.ch\/de\/wp-json\/wp\/v2\/users\/1"}],"replies":[{"embeddable":true,"href":"https:\/\/www.sigema.ch\/de\/wp-json\/wp\/v2\/comments?post=49"}],"version-history":[{"count":9,"href":"https:\/\/www.sigema.ch\/de\/wp-json\/wp\/v2\/pages\/49\/revisions"}],"predecessor-version":[{"id":316,"href":"https:\/\/www.sigema.ch\/de\/wp-json\/wp\/v2\/pages\/49\/revisions\/316"}],"wp:attachment":[{"href":"https:\/\/www.sigema.ch\/de\/wp-json\/wp\/v2\/media?parent=49"}],"curies":[{"name":"wp","href":"https:\/\/api.w.org\/{rel}","templated":true}]}}