{"id":19,"date":"2020-07-11T10:17:47","date_gmt":"2020-07-11T08:17:47","guid":{"rendered":"http:\/\/www.sigema.ch\/?page_id=19"},"modified":"2024-02-13T20:11:19","modified_gmt":"2024-02-13T19:11:19","slug":"startseite","status":"publish","type":"page","link":"https:\/\/www.sigema.ch\/de\/","title":{"rendered":"Startseite"},"content":{"rendered":"<p>[et_pb_section fb_built=&#8220;1&#8243; fullwidth=&#8220;on&#8220; _builder_version=&#8220;4.16&#8243; global_colors_info=&#8220;{}&#8220;][et_pb_fullwidth_slider _builder_version=&#8220;4.16&#8243; header_level=&#8220;h1&#8243; header_font=&#8220;||||||||&#8220; header_font_size=&#8220;46px&#8220; global_colors_info=&#8220;{}&#8220;][et_pb_slide heading=&#8220;INTERIM MANAGEMENT&#8220; use_bg_overlay=&#8220;off&#8220; use_text_overlay=&#8220;on&#8220; text_overlay_color=&#8220;rgba(0,32,96,0.83)&#8220; text_border_radius=&#8220;0px&#8220; _builder_version=&#8220;4.16&#8243; header_font=&#8220;|600|||||||&#8220; header_text_align=&#8220;right&#8220; header_text_color=&#8220;#ffffff&#8220; body_text_align=&#8220;center&#8220; body_text_color=&#8220;#4472c4&#8243; body_font_size=&#8220;32px&#8220; background_enable_color=&#8220;off&#8220; background_image=&#8220;https:\/\/www.sigema.ch\/wp-content\/uploads\/2020\/07\/banner-start.jpg&#8220; background_enable_image=&#8220;on&#8220; text_orientation=&#8220;right&#8220; header_font_size_tablet=&#8220;&#8220; header_font_size_phone=&#8220;26px&#8220; header_font_size_last_edited=&#8220;on|desktop&#8220; body_font_size_tablet=&#8220;&#8220; body_font_size_phone=&#8220;22px&#8220; body_font_size_last_edited=&#8220;on|phone&#8220; global_colors_info=&#8220;{}&#8220; sticky_transition=&#8220;on&#8220;]<\/p>\n<p style=\"text-align: right;\">UNTERNEHMER. STRATEGE.<\/p>\n<p style=\"text-align: right;\">MOTIVATOR. MACHER.<\/p>\n<p style=\"text-align: right;\"><span style=\"color: #ffffff;\">AUF <\/span><span style=\"color: #ffffff;\">ZEIT.<\/span><\/p>\n<p>[\/et_pb_slide][\/et_pb_fullwidth_slider][\/et_pb_section][et_pb_section fb_built=&#8220;1&#8243; _builder_version=&#8220;4.16&#8243; global_colors_info=&#8220;{}&#8220;][et_pb_row _builder_version=&#8220;4.16&#8243; global_colors_info=&#8220;{}&#8220;][et_pb_column type=&#8220;4_4&#8243; _builder_version=&#8220;4.16&#8243; global_colors_info=&#8220;{}&#8220;][et_pb_text _builder_version=&#8220;4.16&#8243; global_colors_info=&#8220;{}&#8220;]<\/p>\n<h2>Denken und Handeln wie ein Unternehmer<\/h2>\n<h3>Konzipieren. Realisieren. Ver\u00e4ndern. Mit HANDS-ON-Mentalit\u00e4t.<\/h3>\n<p>[\/et_pb_text][et_pb_text _builder_version=&#8220;4.16&#8243; _module_preset=&#8220;default&#8220; global_colors_info=&#8220;{}&#8220;]<\/p>\n<h4>Meine Kernkompetenzen liegen in der Strategieentwicklung, Unternehmenssteuerung, Neuausrichtung und Performancesteigerung sowie in der Transformation zur Nachhaltigkeit. Ich unterst\u00fctze Unternehmen bei der strategischen und operativen Weiterentwicklung, Wachstumspotenziale konsequent zu nutzen, agile Strukturen und wirksame Prozesse zu etablieren um die Weichen weiterhin auf Erfolg zu stellen.<\/h4>\n<p>[\/et_pb_text][\/et_pb_column][\/et_pb_row][et_pb_row column_structure=&#8220;1_2,1_2&#8243; _builder_version=&#8220;4.16&#8243; _module_preset=&#8220;default&#8220; global_colors_info=&#8220;{}&#8220;][et_pb_column type=&#8220;1_2&#8243; _builder_version=&#8220;4.16&#8243; _module_preset=&#8220;default&#8220; global_colors_info=&#8220;{}&#8220;][et_pb_text _builder_version=&#8220;4.16&#8243; _module_preset=&#8220;default&#8220; global_colors_info=&#8220;{}&#8220;]<\/p>\n<p>In der Position eines Interim Mangers auf C-Level und Projektmanagementebene, muss man sich schnell in neue Strukturen, Prozesse, Produkte und Organisationen eindenken und sich damit identifizieren.\u00a0\u00a0\u00a0\u00a0\u00a0\u00a0\u00a0\u00a0\u00a0\u00a0\u00a0\u00a0\u00a0\u00a0\u00a0\u00a0\u00a0\u00a0\u00a0\u00a0\u00a0\u00a0\u00a0\u00a0\u00a0\u00a0\u00a0\u00a0\u00a0\u00a0\u00a0\u00a0\u00a0\u00a0\u00a0\u00a0\u00a0\u00a0\u00a0\u00a0\u00a0\u00a0\u00a0\u00a0\u00a0\u00a0\u00a0\u00a0\u00a0\u00a0\u00a0\u00a0\u00a0\u00a0\u00a0\u00a0\u00a0\u00a0\u00a0\u00a0\u00a0\u00a0\u00a0\u00a0\u00a0\u00a0\u00a0\u00a0\u00a0\u00a0\u00a0\u00a0\u00a0\u00a0\u00a0\u00a0\u00a0\u00a0\u00a0\u00a0\u00a0\u00a0\u00a0\u00a0\u00a0\u00a0\u00a0\u00a0\u00a0\u00a0\u00a0\u00a0\u00a0\u00a0\u00a0\u00a0\u00a0\u00a0\u00a0\u00a0\u00a0\u00a0\u00a0\u00a0\u00a0\u00a0\u00a0\u00a0\u00a0\u00a0\u00a0 Als Vollblutunternehmer und Hands-On F\u00fchrungspers\u00f6nlichkeit nutzte ich meine Erfahrung, Expertise und moderne Methoden um Unternehmen mit unterschiedlichen Gesch\u00e4ftsfeldern zu optimieren, modernisieren sowie nachhaltig weiter zu entwickeln.<\/p>\n<p>[\/et_pb_text][\/et_pb_column][et_pb_column type=&#8220;1_2&#8243; _builder_version=&#8220;4.16&#8243; _module_preset=&#8220;default&#8220; global_colors_info=&#8220;{}&#8220;][et_pb_text _builder_version=&#8220;4.16&#8243; _module_preset=&#8220;default&#8220; global_colors_info=&#8220;{}&#8220;]<\/p>\n<p>Speziell in den Einsatzschwerpunkten Restrukturierung und Sanierung sowie Zukunftsf\u00e4higkeit und Wandel gestalten, unterst\u00fctze ich meine Kunden.\u00a0\u00a0\u00a0\u00a0\u00a0 \u00a0 \u00a0 \u00a0 Dabei steht die Strategie und die damit verbunden Ziele, langfristigen Stabilisierung sowie Wert-steigerung und nachhaltige Weiterentwicklung der Gesellschaft, an oberster Stelle.<\/p>\n<p><strong>Ich bin ein Experte, L\u00f6sungsfinder, Unternehmer und Macher &#8211; <em>auf Zeit<\/em>.<\/strong><\/p>\n<p>[\/et_pb_text][\/et_pb_column][\/et_pb_row][et_pb_row _builder_version=&#8220;4.16&#8243; _module_preset=&#8220;default&#8220; global_colors_info=&#8220;{}&#8220;][et_pb_column type=&#8220;4_4&#8243; _builder_version=&#8220;4.16&#8243; _module_preset=&#8220;default&#8220; global_colors_info=&#8220;{}&#8220;][et_pb_text _builder_version=&#8220;4.16&#8243; global_colors_info=&#8220;{}&#8220;]<\/p>\n<h3>KRISENMANAGEMENT\u00a0 I\u00a0 F\u00dcHRUNGSVAKANZEN\u00a0 I\u00a0 PROJEKTMANAGEMENT\u00a0 I\u00a0 GO-LIVE<\/h3>\n<p>[\/et_pb_text][\/et_pb_column][\/et_pb_row][\/et_pb_section][et_pb_section fb_built=&#8220;1&#8243; _builder_version=&#8220;4.16&#8243; _module_preset=&#8220;default&#8220; background_color=&#8220;#f1f1f1&#8243; custom_padding=&#8220;54px|||||&#8220; global_colors_info=&#8220;{}&#8220;][et_pb_row _builder_version=&#8220;4.16&#8243; custom_margin=&#8220;-22px|auto||auto||&#8220; custom_padding=&#8220;33px|||||&#8220; global_colors_info=&#8220;{}&#8220;][et_pb_column type=&#8220;4_4&#8243; _builder_version=&#8220;4.16&#8243; global_colors_info=&#8220;{}&#8220;][et_pb_text _builder_version=&#8220;4.16&#8243; _module_preset=&#8220;default&#8220; global_colors_info=&#8220;{}&#8220;]<\/p>\n<h2>Operative und strategische Einsatzschwerpunkte<\/h2>\n<p>[\/et_pb_text][\/et_pb_column][\/et_pb_row][et_pb_row column_structure=&#8220;1_3,1_3,1_3&#8243; _builder_version=&#8220;4.24.0&#8243; _module_preset=&#8220;default&#8220; custom_margin=&#8220;|auto|||false|false&#8220; custom_padding=&#8220;0px|||||&#8220; hover_enabled=&#8220;0&#8243; global_colors_info=&#8220;{}&#8220; sticky_enabled=&#8220;0&#8243;][et_pb_column type=&#8220;1_3&#8243; _builder_version=&#8220;4.16&#8243; _module_preset=&#8220;default&#8220; global_colors_info=&#8220;{}&#8220;][et_pb_text _builder_version=&#8220;4.16&#8243; _module_preset=&#8220;default&#8220; global_colors_info=&#8220;{}&#8220;]<\/p>\n<h3 style=\"text-align: left;\">Restrukturierung und Turnaround<\/h3>\n<p style=\"text-align: justify;\">Entwicklung und Umsetzung von sofortigen Restrukturierungsmassnahmen (Kostenreduk-tion, Prozess- und Personaloptimierung) zur Erreichung des Turnarounds. Zugleich die Erstellung eines Konzeptes zur Neuausrichtung der Unternehmung oder Teile davon, um so l\u00e4ngerfristige Wertsch\u00f6pfung und Wettbewerbs- positionierung zu sichern. <strong><a href=\"https:\/\/www.sigema.ch\/de\/unsere-leistungen\/\">[weiter]<\/a><\/strong><\/p>\n<p>[\/et_pb_text][\/et_pb_column][et_pb_column type=&#8220;1_3&#8243; _builder_version=&#8220;4.16&#8243; _module_preset=&#8220;default&#8220; global_colors_info=&#8220;{}&#8220;][et_pb_text _builder_version=&#8220;4.16&#8243; _module_preset=&#8220;default&#8220; global_colors_info=&#8220;{}&#8220;]<\/p>\n<h3 style=\"text-align: left;\">Zukunftsf\u00e4higkeit und Wandel gestalten<\/h3>\n<p>Sicherstellen der Unternehmungsentwicklung und Strategie sowie Steigerung der Wert-sch\u00f6pfung und Performance durch effiziente Massnahmen. Projektmanagement in den Bereichen Aufbau und Transformation neuer Gesch\u00e4ftseinheiten im In- und Ausland, Einf\u00fchrung neuer Produkte und Technologien, GO-LIVE sowie Due Diligence und Mergers &amp; Acquisitions. <strong><a href=\"https:\/\/www.sigema.ch\/de\/unsere-leistungen\/\">[weiter]<\/a><\/strong><\/p>\n<p>[\/et_pb_text][\/et_pb_column][et_pb_column type=&#8220;1_3&#8243; _builder_version=&#8220;4.16&#8243; _module_preset=&#8220;default&#8220; global_colors_info=&#8220;{}&#8220;][et_pb_text _builder_version=&#8220;4.16&#8243; _module_preset=&#8220;default&#8220; global_colors_info=&#8220;{}&#8220;]<\/p>\n<h3 style=\"text-align: left;\">Transformation Nachhaltigkeit<\/h3>\n<p>ESG steht f\u00fcr betriebliche Standards betreffend Umwelt, Soziales und Unternehmensf\u00fchrung. Die Zukunft liegt darin, nachhaltig und transparent zu wirtschaften: Von der Strategie, \u00fcber die Umsetzung zur Berichterstattung. Verschiedene Unternehmen befinden sich in unterschiedlichen Phasen auf dem Weg zu einem nachhaltigeren Gesch\u00e4ftsmodell. \u00a0. <strong><a href=\"https:\/\/www.sigema.ch\/de\/unsere-leistungen\/\">[weiter]<\/a><\/strong><\/p>\n<p>[\/et_pb_text][\/et_pb_column][\/et_pb_row][\/et_pb_section][et_pb_section fb_built=&#8220;1&#8243; _builder_version=&#8220;4.16&#8243; global_colors_info=&#8220;{}&#8220;][et_pb_row _builder_version=&#8220;4.16&#8243; custom_padding=&#8220;33px|||||&#8220; global_colors_info=&#8220;{}&#8220;][et_pb_column type=&#8220;4_4&#8243; _builder_version=&#8220;4.16&#8243; global_colors_info=&#8220;{}&#8220;][et_pb_text _builder_version=&#8220;4.16&#8243; _module_preset=&#8220;default&#8220; global_colors_info=&#8220;{}&#8220;]<\/p>\n<h4>Ein Interim Manager ist die ideale L\u00f6sung bei Ver\u00e4nderungen,\u00a0Kapazit\u00e4ts- und Know-how-Engp\u00e4ssen sowie Projekten. Rasche Verf\u00fcgbarkeit, langj\u00e4hrige Managementerfahrung, Branchenkenntnisse und funktionales Know-how erm\u00f6glichen ein breites Einsatzspektrum in der Linie\u00a0und in Projektorganisationen.<\/h4>\n<p>[\/et_pb_text][\/et_pb_column][\/et_pb_row][\/et_pb_section][et_pb_section fb_built=&#8220;1&#8243; _builder_version=&#8220;4.16&#8243; _module_preset=&#8220;default&#8220; background_color=&#8220;#f1f9fd&#8220; global_colors_info=&#8220;{}&#8220;][et_pb_row column_structure=&#8220;1_2,1_2&#8243; _builder_version=&#8220;4.16&#8243; _module_preset=&#8220;default&#8220; global_colors_info=&#8220;{}&#8220;][et_pb_column type=&#8220;1_2&#8243; _builder_version=&#8220;4.16&#8243; _module_preset=&#8220;default&#8220; global_colors_info=&#8220;{}&#8220;][et_pb_text _builder_version=&#8220;4.16&#8243; _module_preset=&#8220;default&#8220; global_colors_info=&#8220;{}&#8220;]<\/p>\n<h2>Publikationen<\/h2>\n<p>[\/et_pb_text][\/et_pb_column][et_pb_column type=&#8220;1_2&#8243; _builder_version=&#8220;4.16&#8243; _module_preset=&#8220;default&#8220; global_colors_info=&#8220;{}&#8220;][et_pb_text _builder_version=&#8220;4.16&#8243; _module_preset=&#8220;default&#8220; global_colors_info=&#8220;{}&#8220;]<\/p>\n<p style=\"text-align: right;\"><a href=\"\/de\/publikationen\/\">Alle ansehen \u2192<\/a><\/p>\n<p>[\/et_pb_text][\/et_pb_column][\/et_pb_row][et_pb_row disabled_on=&#8220;off|off|off&#8220; _builder_version=&#8220;4.16&#8243; _module_preset=&#8220;default&#8220; global_colors_info=&#8220;{}&#8220;][et_pb_column type=&#8220;4_4&#8243; _builder_version=&#8220;4.16&#8243; _module_preset=&#8220;default&#8220; global_colors_info=&#8220;{}&#8220;][et_pb_blog fullwidth=&#8220;off&#8220; posts_number=&#8220;3&#8243; include_categories=&#8220;all&#8220; show_more=&#8220;on&#8220; show_author=&#8220;off&#8220; show_date=&#8220;off&#8220; show_categories=&#8220;off&#8220; show_excerpt=&#8220;off&#8220; show_pagination=&#8220;off&#8220; _builder_version=&#8220;4.16&#8243; _module_preset=&#8220;default&#8220; global_colors_info=&#8220;{}&#8220;][\/et_pb_blog][et_pb_portfolio fullwidth=&#8220;off&#8220; posts_number=&#8220;3&#8243; include_categories=&#8220;,all&#8220; show_categories=&#8220;off&#8220; show_pagination=&#8220;off&#8220; disabled_on=&#8220;on|on|on&#8220; _builder_version=&#8220;4.16&#8243; _module_preset=&#8220;default&#8220; disabled=&#8220;on&#8220; global_colors_info=&#8220;{}&#8220;][\/et_pb_portfolio][\/et_pb_column][\/et_pb_row][\/et_pb_section]<\/p>\n","protected":false},"excerpt":{"rendered":"<p>UNTERNEHMER. STRATEGE. MOTIVATOR. MACHER. AUF ZEIT. Denken und Handeln wie ein Unternehmer Konzipieren. Realisieren. Ver\u00e4ndern. Mit HANDS-ON-Mentalit\u00e4t.Meine Kernkompetenzen liegen in der Strategieentwicklung, Unternehmenssteuerung, Neuausrichtung und Performancesteigerung sowie in der Transformation zur Nachhaltigkeit. Ich unterst\u00fctze Unternehmen bei der strategischen und operativen Weiterentwicklung, Wachstumspotenziale konsequent zu nutzen, agile Strukturen und wirksame Prozesse zu etablieren um die Weichen [&hellip;]<\/p>\n","protected":false},"author":1,"featured_media":0,"parent":0,"menu_order":0,"comment_status":"closed","ping_status":"closed","template":"","meta":{"_et_pb_use_builder":"on","_et_pb_old_content":"","_et_gb_content_width":"","footnotes":""},"_links":{"self":[{"href":"https:\/\/www.sigema.ch\/de\/wp-json\/wp\/v2\/pages\/19"}],"collection":[{"href":"https:\/\/www.sigema.ch\/de\/wp-json\/wp\/v2\/pages"}],"about":[{"href":"https:\/\/www.sigema.ch\/de\/wp-json\/wp\/v2\/types\/page"}],"author":[{"embeddable":true,"href":"https:\/\/www.sigema.ch\/de\/wp-json\/wp\/v2\/users\/1"}],"replies":[{"embeddable":true,"href":"https:\/\/www.sigema.ch\/de\/wp-json\/wp\/v2\/comments?post=19"}],"version-history":[{"count":10,"href":"https:\/\/www.sigema.ch\/de\/wp-json\/wp\/v2\/pages\/19\/revisions"}],"predecessor-version":[{"id":1065,"href":"https:\/\/www.sigema.ch\/de\/wp-json\/wp\/v2\/pages\/19\/revisions\/1065"}],"wp:attachment":[{"href":"https:\/\/www.sigema.ch\/de\/wp-json\/wp\/v2\/media?parent=19"}],"curies":[{"name":"wp","href":"https:\/\/api.w.org\/{rel}","templated":true}]}}